{"id":25,"date":"2025-12-08T07:32:39","date_gmt":"2025-12-08T06:32:39","guid":{"rendered":"https:\/\/www.nyhavana.mg\/?page_id=25"},"modified":"2026-02-18T15:42:57","modified_gmt":"2026-02-18T14:42:57","slug":"presentation","status":"publish","type":"page","link":"https:\/\/www.nyhavana.mg\/?page_id=25","title":{"rendered":"Pr\u00e9sentation"},"content":{"rendered":"<p>&nbsp;<\/p>\n<p style=\"text-align: justify;\">La Compagnie Malgache d\u2019Assurances et de R\u00e9assurance NY HAVANA a \u00e9t\u00e9 cr\u00e9\u00e9e le 11 Octobre 1968 \u00e0 l\u2019initiative du Gouvernement Malgache et des repr\u00e9sentations et d\u00e9l\u00e9gations des Compagnies d\u2019Assurances \u00e9trang\u00e8res qui op\u00e9raient alors \u00e0 Madagascar. Cr\u00e9\u00e9e sous la forme d\u2019une soci\u00e9t\u00e9 anonyme avec un Capital initial \u00e9quivalant \u00e0 24 000 000 Ariary et un effectif de 5 personnes, son Si\u00e8ge social \u00e9tait alors situ\u00e9 \u00e0 Ambatomena.<\/p>\n<p style=\"text-align: justify;\">PRESENTATION DE LA CMAR NY HAVANA Presentation of the CMAR NY HAVANA Le niveau du Capital a \u00e9t\u00e9 revu \u00e0 la hausse \u00e0 maintes reprises afin de surpasser l\u2019exigence requise au titre de la solvabilit\u00e9 financi\u00e8re. Actuellement, il s\u2019\u00e9l\u00e8ve \u00e0 10 700 000 000Ar, avec un si\u00e8ge social transf\u00e9r\u00e9 \u00e0 l\u2019immeuble Ny Havana zone des 67 Ha. L\u2019Etat Malgache d\u00e9tient 47% de ce Capital, le reste est d\u00e9tenu par des institutions financi\u00e8res, des Soci\u00e9t\u00e9s nationales, le personnel et les Agences G\u00e9n\u00e9rales.<\/p>\n<p>&nbsp;<\/p>\n<p style=\"text-align: justify;\">La Compagnie couvre la quasi-totalit\u00e9 de l\u2019\u00eele gr\u00e2ce \u00e0 son r\u00e9seau commercial r\u00e9parti en 05 Agences G\u00e9n\u00e9rales et 24 Agences Centrales. L\u2019effectif est de 333 Agents. Consciente de la port\u00e9e strat\u00e9gique de son r\u00f4le de porte-\u00e9tendard d\u2019assureur national, Ny Havana a sans cesse \u0153uvr\u00e9 pour le d\u00e9veloppement de ses comp\u00e9tences techniques et de son expertise afin de les mettre au service de ses partenaires et clients en assurant la couverture optimale des risques encourus par les personnes, les biens, et les mat\u00e9riels de production. La Compagnie est ainsi un acteur \u00e9conomique important dans le d\u00e9veloppement du pays de par ses placements et ses investissements<\/p>\n<p>&nbsp;<\/p>\n<p><span style=\"font-size: 24pt; color: #ff0000;\"><strong>NOS ACTUALITES<\/strong><\/span>\t\t<div class=\"wppsac-wrap wppsac-slick-carousel-wrp wppsac-clearfix \" data-conf=\"{&quot;slides_to_show&quot;:&quot;3&quot;,&quot;slides_to_scroll&quot;:&quot;1&quot;,&quot;dots&quot;:&quot;true&quot;,&quot;arrows&quot;:&quot;true&quot;,&quot;autoplay&quot;:&quot;true&quot;,&quot;autoplay_interval&quot;:3000,&quot;speed&quot;:500,&quot;rtl&quot;:&quot;false&quot;,&quot;lazyload&quot;:&quot;&quot;}\">\r\n\t\t\t<div id=\"wppsac-post-carousel-1\" class=\"wppsac-post-slider-init wppsac-post-carousel design-1\">\r\n\t\t\t\t<div class=\"wppsac-carousel-slides\">\r\n\t\t<div class=\"wppsac-post-image-bg\">\r\n\t\t<a href=\"https:\/\/www.nyhavana.mg\/?p=509\">\r\n\t\t\t<img decoding=\"async\" class=\"wppsac-post-image\"  src=\"https:\/\/www.nyhavana.mg\/wp-content\/uploads\/2026\/04\/CASTING-SPOT-PUB.jpg\" alt=\"\ud83c\udfac Casting pour spot publicitaire \ud83c\udfa5\" \/>\r\n\t\t<\/a>\r\n\t<\/div>\r\n\t\r\n\t<div class=\"wppsac-post-content-position\">\r\n\t\t\t\t<div class=\"wppsac-post-categories\"><ul class=\"wppsac-post-categories-list\"><li><a href=\"https:\/\/www.nyhavana.mg\/?cat=1\">Non class\u00e9<\/a><\/li><\/ul><\/div>\r\n\t\t\r\n\t\t<h2 class=\"wppsac-post-title\">\r\n\t\t\t<a href=\"https:\/\/www.nyhavana.mg\/?p=509\">\ud83c\udfac Casting pour spot publicitaire \ud83c\udfa5<\/a>\r\n\t\t<\/h2>\r\n\r\n\t\t\t\t<div class=\"wppsac-post-date\">\r\n\t\t\t\t\t\t<span>By nyhavana<\/span>\r\n\t\t\t \/ 16 avril 2026\t\t<\/div>\r\n\t\t\t\t<div class=\"wppsac-post-content\">\r\n\t\t\t<div class=\"wppsac-sub-content\">\ud83d\udce5 T\u00e9l\u00e9charger la fiche d\u2019inscription &nbsp;<\/div>\r\n\r\n\t\t\t\t\t\t<a class=\"wppsac-readmorebtn\" href=\"https:\/\/www.nyhavana.mg\/?p=509\">Read More<\/a>\r\n\t\t\t\t\t<\/div>\r\n\t\t\t<\/div>\r\n<\/div><div class=\"wppsac-carousel-slides\">\r\n\t\t<div class=\"wppsac-post-image-bg\">\r\n\t\t<a href=\"https:\/\/www.nyhavana.mg\/?p=440\">\r\n\t\t\t<img decoding=\"async\" class=\"wppsac-post-image\"  src=\"https:\/\/www.nyhavana.mg\/wp-content\/uploads\/2026\/02\/DG-ny-Havana-DG-Omda-2.jpg\" alt=\"\u2728NY HAVANA &#038; OMDA \u2728  Tantara vaovao, fiaraha-miasa vaovao.\ud83e\udd1d\" \/>\r\n\t\t<\/a>\r\n\t<\/div>\r\n\t\r\n\t<div class=\"wppsac-post-content-position\">\r\n\t\t\t\t<div class=\"wppsac-post-categories\"><ul class=\"wppsac-post-categories-list\"><li><a href=\"https:\/\/www.nyhavana.mg\/?cat=1\">Non class\u00e9<\/a><\/li><\/ul><\/div>\r\n\t\t\r\n\t\t<h2 class=\"wppsac-post-title\">\r\n\t\t\t<a href=\"https:\/\/www.nyhavana.mg\/?p=440\">\u2728NY HAVANA &#038; OMDA \u2728  Tantara vaovao, fiaraha-miasa vaovao.\ud83e\udd1d<\/a>\r\n\t\t<\/h2>\r\n\r\n\t\t\t\t<div class=\"wppsac-post-date\">\r\n\t\t\t\t\t\t<span>By nyhavana<\/span>\r\n\t\t\t \/ 18 f\u00e9vrier 2026\t\t<\/div>\r\n\t\t\t\t<div class=\"wppsac-post-content\">\r\n\t\t\t<div class=\"wppsac-sub-content\">\u2728NY HAVANA &amp; OMDA \u2728 Tantara vaovao, fiaraha-miasa vaovao.\ud83e\udd1d Isan\u2019ireo malagasy hisitraka tombotsoa amin\u2019ity fiarahamiasa ity ireo artista, mpanakanto malagasy...<\/div>\r\n\r\n\t\t\t\t\t\t<a class=\"wppsac-readmorebtn\" href=\"https:\/\/www.nyhavana.mg\/?p=440\">Read More<\/a>\r\n\t\t\t\t\t<\/div>\r\n\t\t\t<\/div>\r\n<\/div><div class=\"wppsac-carousel-slides\">\r\n\t\t<div class=\"wppsac-post-image-bg\">\r\n\t\t<a href=\"https:\/\/www.nyhavana.mg\/?p=367\">\r\n\t\t\t<img decoding=\"async\" class=\"wppsac-post-image\"  src=\"https:\/\/www.nyhavana.mg\/wp-content\/uploads\/2026\/01\/Tratry-ny-taona-2026-scaled.png\" alt=\"\u2728Taona vaovao , Pejy vaovao \u2728 2026 : Tratry ny taona e! \ud83e\udd73\" \/>\r\n\t\t<\/a>\r\n\t<\/div>\r\n\t\r\n\t<div class=\"wppsac-post-content-position\">\r\n\t\t\t\t<div class=\"wppsac-post-categories\"><ul class=\"wppsac-post-categories-list\"><li><a href=\"https:\/\/www.nyhavana.mg\/?cat=4\">fampahafantarana<\/a><\/li><\/ul><\/div>\r\n\t\t\r\n\t\t<h2 class=\"wppsac-post-title\">\r\n\t\t\t<a href=\"https:\/\/www.nyhavana.mg\/?p=367\">\u2728Taona vaovao , Pejy vaovao \u2728 2026 : Tratry ny taona e! \ud83e\udd73<\/a>\r\n\t\t<\/h2>\r\n\r\n\t\t\t\t<div class=\"wppsac-post-date\">\r\n\t\t\t\t\t\t<span>By nyhavana<\/span>\r\n\t\t\t \/ 7 janvier 2026\t\t<\/div>\r\n\t\t\t\t<div class=\"wppsac-post-content\">\r\n\t\t\t<div class=\"wppsac-sub-content\">Taona vaovao , Pejy vaovao 2026 : Tratry ny taona e! Hitondra soa sy fanambinana ho antsika anie ity taona...<\/div>\r\n\r\n\t\t\t\t\t\t<a class=\"wppsac-readmorebtn\" href=\"https:\/\/www.nyhavana.mg\/?p=367\">Read More<\/a>\r\n\t\t\t\t\t<\/div>\r\n\t\t\t<\/div>\r\n<\/div><div class=\"wppsac-carousel-slides\">\r\n\t\t<div class=\"wppsac-post-image-bg\">\r\n\t\t<a href=\"https:\/\/www.nyhavana.mg\/?p=1\">\r\n\t\t\t<img decoding=\"async\" class=\"wppsac-post-image\"  src=\"https:\/\/www.nyhavana.mg\/wp-content\/uploads\/2025\/12\/skoto.jpg\" alt=\"\ud835\udc11\ud835\udc1e\ud835\udc27\ud835\udc1c\ud835\udc28\ud835\udc27\ud835\udc2d\ud835\udc2b\ud835\udc1e \ud835\udc22\ud835\udc27\ud835\udc2c\ud835\udc29\ud835\udc22\ud835\udc2b\ud835\udc1a\ud835\udc27\ud835\udc2d\ud835\udc1e \ud835\udc1a\ud835\udc2e\ud835\udc23\ud835\udc28\ud835\udc2e\ud835\udc2b\ud835\udc1d\u2019\ud835\udc21\ud835\udc2e\ud835\udc22 \ud835\udc1a\ud835\udc2e \ud835\udc2c\ud835\udc22\ud835\udc1e\u0300\ud835\udc20\ud835\udc1e \ud835\udc1d\ud835\udc1e \ud835\udc0d\ud835\udc18 \ud835\udc07\ud835\udc00\ud835\udc15\ud835\udc00\ud835\udc0d\ud835\udc00 (\ud835\udfd4\ud835\udfd5\ud835\udc07\ud835\udc1a) \u2d51\" \/>\r\n\t\t<\/a>\r\n\t<\/div>\r\n\t\r\n\t<div class=\"wppsac-post-content-position\">\r\n\t\t\t\t<div class=\"wppsac-post-categories\"><ul class=\"wppsac-post-categories-list\"><li><a href=\"https:\/\/www.nyhavana.mg\/?cat=1\">Non class\u00e9<\/a><\/li><\/ul><\/div>\r\n\t\t\r\n\t\t<h2 class=\"wppsac-post-title\">\r\n\t\t\t<a href=\"https:\/\/www.nyhavana.mg\/?p=1\">\ud835\udc11\ud835\udc1e\ud835\udc27\ud835\udc1c\ud835\udc28\ud835\udc27\ud835\udc2d\ud835\udc2b\ud835\udc1e \ud835\udc22\ud835\udc27\ud835\udc2c\ud835\udc29\ud835\udc22\ud835\udc2b\ud835\udc1a\ud835\udc27\ud835\udc2d\ud835\udc1e \ud835\udc1a\ud835\udc2e\ud835\udc23\ud835\udc28\ud835\udc2e\ud835\udc2b\ud835\udc1d\u2019\ud835\udc21\ud835\udc2e\ud835\udc22 \ud835\udc1a\ud835\udc2e \ud835\udc2c\ud835\udc22\ud835\udc1e\u0300\ud835\udc20\ud835\udc1e \ud835\udc1d\ud835\udc1e \ud835\udc0d\ud835\udc18 \ud835\udc07\ud835\udc00\ud835\udc15\ud835\udc00\ud835\udc0d\ud835\udc00 (\ud835\udfd4\ud835\udfd5\ud835\udc07\ud835\udc1a) \u2d51<\/a>\r\n\t\t<\/h2>\r\n\r\n\t\t\t\t<div class=\"wppsac-post-date\">\r\n\t\t\t\t\t\t<span>By nyhavana<\/span>\r\n\t\t\t \/ 20 novembre 2025\t\t<\/div>\r\n\t\t\t\t<div class=\"wppsac-post-content\">\r\n\t\t\t<div class=\"wppsac-sub-content\">\u00a0Les Tily eto madagascar ont rencontr\u00e9 le Directeur G\u00e9n\u00e9ral de Ny Havana pour \u00e9changer sur un \ud835\udc29\ud835\udc1a\ud835\udc2b\ud835\udc2d\ud835\udc1e\ud835\udc27\ud835\udc1a\ud835\udc2b\ud835\udc22\ud835\udc1a\ud835\udc2d \ud835\udc1f\ud835\udc28\ud835\udc2b\ud835\udc2d \ud835\udc1a\ud835\udc2e \ud835\udc2c\ud835\udc1e\ud835\udc2b\ud835\udc2f\ud835\udc22\ud835\udc1c\ud835\udc1e...<\/div>\r\n\r\n\t\t\t\t\t\t<a class=\"wppsac-readmorebtn\" href=\"https:\/\/www.nyhavana.mg\/?p=1\">Read More<\/a>\r\n\t\t\t\t\t<\/div>\r\n\t\t\t<\/div>\r\n<\/div><div class=\"wppsac-carousel-slides\">\r\n\t\t<div class=\"wppsac-post-image-bg\">\r\n\t\t<a href=\"https:\/\/www.nyhavana.mg\/?p=96\">\r\n\t\t\t<img decoding=\"async\" class=\"wppsac-post-image\"  src=\"https:\/\/www.nyhavana.mg\/wp-content\/uploads\/2025\/12\/mega-conferences-nyhavana.jpg\" alt=\"\ud835\udde0\ud835\uddf2\u0301\ud835\uddf4\ud835\uddee \ud835\uddd6\ud835\uddfc\ud835\uddfb\ud835\uddf3\ud835\uddf2\u0301\ud835\uddff\ud835\uddf2\ud835\uddfb\ud835\uddf0\ud835\uddf2 \ud835\udde1\ud835\uddec \ud835\udddb\ud835\uddd4\ud835\udde9\ud835\uddd4\ud835\udde1\ud835\uddd4.\" \/>\r\n\t\t<\/a>\r\n\t<\/div>\r\n\t\r\n\t<div class=\"wppsac-post-content-position\">\r\n\t\t\t\t<div class=\"wppsac-post-categories\"><ul class=\"wppsac-post-categories-list\"><li><a href=\"https:\/\/www.nyhavana.mg\/?cat=1\">Non class\u00e9<\/a><\/li><\/ul><\/div>\r\n\t\t\r\n\t\t<h2 class=\"wppsac-post-title\">\r\n\t\t\t<a href=\"https:\/\/www.nyhavana.mg\/?p=96\">\ud835\udde0\ud835\uddf2\u0301\ud835\uddf4\ud835\uddee \ud835\uddd6\ud835\uddfc\ud835\uddfb\ud835\uddf3\ud835\uddf2\u0301\ud835\uddff\ud835\uddf2\ud835\uddfb\ud835\uddf0\ud835\uddf2 \ud835\udde1\ud835\uddec \ud835\udddb\ud835\uddd4\ud835\udde9\ud835\uddd4\ud835\udde1\ud835\uddd4.<\/a>\r\n\t\t<\/h2>\r\n\r\n\t\t\t\t<div class=\"wppsac-post-date\">\r\n\t\t\t\t\t\t<span>By nyhavana<\/span>\r\n\t\t\t \/ 17 septembre 2025\t\t<\/div>\r\n\t\t\t\t<div class=\"wppsac-post-content\">\r\n\t\t\t<div class=\"wppsac-sub-content\">\ud835\uddda\ud835\udde5\ud835\uddd4\ud835\udde1\ud835\uddd7 \ud835\udde0\ud835\uddd8\ud835\udde5\ud835\uddd6\ud835\udddc Un immense remerciement \u00e0 \ud835\ude01\ud835\uddfc\ud835\ude02\ud835\ude00 \ud835\uddf9\ud835\uddf2\ud835\ude00 \ud835\uddf7\ud835\uddf2\ud835\ude02\ud835\uddfb\ud835\uddf2\ud835\ude00 \ud835\uddf1\ud835\uddf2 \ud835\udde0\ud835\uddee\ud835\uddf7\ud835\ude02\ud835\uddfb\ud835\uddf4\ud835\uddee qui ont r\u00e9pondu pr\u00e9sents, ainsi qu\u2019aux repr\u00e9sentants des \ud835\uddf2\ud835\uddfb\ud835\ude01\ud835\uddff\ud835\uddf2\ud835\uddfd\ud835\uddff\ud835\uddf6\ud835\ude00\ud835\uddf2\ud835\ude00,...<\/div>\r\n\r\n\t\t\t\t\t\t<a class=\"wppsac-readmorebtn\" href=\"https:\/\/www.nyhavana.mg\/?p=96\">Read More<\/a>\r\n\t\t\t\t\t<\/div>\r\n\t\t\t<\/div>\r\n<\/div><div class=\"wppsac-carousel-slides\">\r\n\t\t<div class=\"wppsac-post-image-bg\">\r\n\t\t<a href=\"https:\/\/www.nyhavana.mg\/?p=100\">\r\n\t\t\t<img decoding=\"async\" class=\"wppsac-post-image\"  src=\"https:\/\/www.nyhavana.mg\/wp-content\/uploads\/2025\/12\/26-jona.jpg\" alt=\"\ud835\udc05\ud835\udc1e\ud835\udc2d\ud835\udc22\ud835\udc27&#8217;\ud835\udc27\ud835\udc32 \ud835\udc05\ud835\udc1a\ud835\udc21\ud835\udc1a\ud835\udc25\ud835\udc1e\ud835\udc28\ud835\udc2f\ud835\udc1a\ud835\udc27\ud835\udc2d\ud835\udc1e\ud835\udc27\ud835\udc1a\" \/>\r\n\t\t<\/a>\r\n\t<\/div>\r\n\t\r\n\t<div class=\"wppsac-post-content-position\">\r\n\t\t\t\t<div class=\"wppsac-post-categories\"><ul class=\"wppsac-post-categories-list\"><li><a href=\"https:\/\/www.nyhavana.mg\/?cat=1\">Non class\u00e9<\/a><\/li><\/ul><\/div>\r\n\t\t\r\n\t\t<h2 class=\"wppsac-post-title\">\r\n\t\t\t<a href=\"https:\/\/www.nyhavana.mg\/?p=100\">\ud835\udc05\ud835\udc1e\ud835\udc2d\ud835\udc22\ud835\udc27&#8217;\ud835\udc27\ud835\udc32 \ud835\udc05\ud835\udc1a\ud835\udc21\ud835\udc1a\ud835\udc25\ud835\udc1e\ud835\udc28\ud835\udc2f\ud835\udc1a\ud835\udc27\ud835\udc2d\ud835\udc1e\ud835\udc27\ud835\udc1a<\/a>\r\n\t\t<\/h2>\r\n\r\n\t\t\t\t<div class=\"wppsac-post-date\">\r\n\t\t\t\t\t\t<span>By nyhavana<\/span>\r\n\t\t\t \/ 25 juin 2025\t\t<\/div>\r\n\t\t\t\t<div class=\"wppsac-post-content\">\r\n\t\t\t<div class=\"wppsac-sub-content\">Andro iray manan-tantara ho an'ny firenentsika. \ud835\udc0d\ud835\udc18 \ud835\udc07\ud835\udc00\ud835\udc15\ud835\udc00\ud835\udc0d\ud835\udc00 dia manome voninahitra sy fankasitrahana ho an'ireo niady sy niaro ny fahaleovantenantsika,...<\/div>\r\n\r\n\t\t\t\t\t\t<a class=\"wppsac-readmorebtn\" href=\"https:\/\/www.nyhavana.mg\/?p=100\">Read More<\/a>\r\n\t\t\t\t\t<\/div>\r\n\t\t\t<\/div>\r\n<\/div>\t\t\t<\/div>\r\n\t\t<\/div>\n<p>&nbsp;<\/p>\n<p><span style=\"font-size: 24pt; color: #ff0000;\"><strong>LES TEMOIGNAGES DE NOS CLIENTS SUR NOS SERVICES <\/strong><\/span><div class=\"tmls tmls_notready tmls_style3_notready style3 large_image \" ><div class=\"tmls_next_prev tmls_visible \">\n\t\t\t\t\t\t\t<a href=\"#\" style=\"background-color:#F5F5F5;\" class=\"tmls_prev large_radius tmls_lightgrayarrows\"><\/a>\n\t\t\t\t\t\t\t<a href=\"#\" style=\"background-color:#F5F5F5;\" class=\"tmls_next large_radius tmls_lightgrayarrows\"><\/a>\n\t\t\t\t\t\t<\/div>\n\t\t\t\t\t\t\n\t\t\t\t\t\t<div class=\"tmls_container tmls_slider\" data-autoplay=\"true\" data-pauseonhover=\"false\" data-scrollduration=\"500\" data-pauseduration=\"9000\" data-transitioneffect=\"crossfade\"><div class=\"tmls_item\" style=\"border-color:#DDDDDD;\">\n\t\t\t\t\n\t\t\t\t<div class=\"tmls_text dialog_box small_radius\" style=\" color:#777777; font-size:14px; background-color:#f5f5f5; border-color:#DDDDDD;\">nampiasa Assurance hafa zahay taloha, fa rehefa nisy olana ilay fiara, dia tena sahirana ny tena, satria lasa niakatra nidina, fa soa ihany fa nisy Ny Havana nanampy anay<span class=\"tmls_arrow\">\n\t\t\t\t<svg version=\"1.1\" id=\"Layer_1\" xmlns=\"http:\/\/www.w3.org\/2000\/svg\" xmlns:xlink=\"http:\/\/www.w3.org\/1999\/xlink\" x=\"0px\" y=\"0px\"\n\t\t\t\t\t width=\"20px\" height=\"11px\" viewBox=\"0 0 20 11\" enable-background=\"new 0 0 20 11\" xml:space=\"preserve\">\n\t\t\t\t<polygon fill=\"#f5f5f5\" points=\"10,10.05 2,0 10.002,0 18.005,0 \"\/>\n\t\t\t\t<polyline fill=\"none\" stroke=\"#DDDDDD\" stroke-miterlimit=\"10\" points=\"20,0.5 18,0.5 10,10.05 2,0.5 0,0.5 \"\/>\n\t\t\t\t<\/svg>\n\t\t\t\t<\/span><\/div>\n\t\t\t\t\n\t\t\t\t<div class=\"tmls_image_position\">\n\t\t\t\t\t<div class=\"tmls_image large_radius\" style=\"background-image:url(https:\/\/www.nyhavana.mg\/wp-content\/uploads\/2026\/01\/kkl.jpg);\"><\/div>\n\t\t\t\t\n\t\t\t\t\t<div class=\"tmls_name\" style=\" color:#777777; font-size:15px; font-weight:bold;\">RABE<\/div>\n\t\t\t\t\t<div class=\"tmls_position\" style=\" color:#777777; font-size:12px;\">CHAUFFEUR<\/div>\t<\/div>\n\t\t\t\t\n\n\t\t\t<\/div><div class=\"tmls_item\" style=\"border-color:#DDDDDD;\">\n\t\t\t\t\n\t\t\t\t<div class=\"tmls_text dialog_box small_radius\" style=\" color:#777777; font-size:14px; background-color:#f5f5f5; border-color:#DDDDDD;\">Nisafidy ny Assurance Ny Havana aho, ho fiarovana sy fiantohana ny Kodiaran-droa entiko, milamina aho mitondra ny Client ety amin'ny Taxi M\u00f4t\u00f4. Tony tsara ny saiko!\r\nZalahy bandy akama eto amin'ny piste misy ahy !! ndao leitsy hanao Assurances any amin'ny Ny Havana fa milay anie wa e!!<span class=\"tmls_arrow\">\n\t\t\t\t<svg version=\"1.1\" id=\"Layer_1\" xmlns=\"http:\/\/www.w3.org\/2000\/svg\" xmlns:xlink=\"http:\/\/www.w3.org\/1999\/xlink\" x=\"0px\" y=\"0px\"\n\t\t\t\t\t width=\"20px\" height=\"11px\" viewBox=\"0 0 20 11\" enable-background=\"new 0 0 20 11\" xml:space=\"preserve\">\n\t\t\t\t<polygon fill=\"#f5f5f5\" points=\"10,10.05 2,0 10.002,0 18.005,0 \"\/>\n\t\t\t\t<polyline fill=\"none\" stroke=\"#DDDDDD\" stroke-miterlimit=\"10\" points=\"20,0.5 18,0.5 10,10.05 2,0.5 0,0.5 \"\/>\n\t\t\t\t<\/svg>\n\t\t\t\t<\/span><\/div>\n\t\t\t\t\n\t\t\t\t<div class=\"tmls_image_position\">\n\t\t\t\t\t<div class=\"tmls_image large_radius\" style=\"background-image:url(https:\/\/www.nyhavana.mg\/wp-content\/uploads\/2025\/12\/beloha.png);\"><\/div>\n\t\t\t\t\n\t\t\t\t\t<div class=\"tmls_name\" style=\" color:#777777; font-size:15px; font-weight:bold;\">Lalaina<\/div>\n\t\t\t\t\t<div class=\"tmls_position\" style=\" color:#777777; font-size:12px;\">Taxi M\u00f4t\u00f4<\/div>\t<\/div>\n\t\t\t\t\n\n\t\t\t<\/div><div class=\"tmls_item\" style=\"border-color:#DDDDDD;\">\n\t\t\t\t\n\t\t\t\t<div class=\"tmls_text dialog_box small_radius\" style=\" color:#777777; font-size:14px; background-color:#f5f5f5; border-color:#DDDDDD;\">J\u2019ai choisi l\u2019Assurance Ny Havana pour assurer mon v\u00e9hicule. Je prends la route en toute tranquillit\u00e9 et j\u2019exerce mon travail avec s\u00e9r\u00e9nit\u00e9, en toute confiance, gr\u00e2ce au professionnalisme de mon assureur. J\u2019invite tous les automobilistes \u00e0 faire confiance \u00e0 l\u2019Assurance Ny Havana pour la protection de leurs v\u00e9hicules. \u00c0 tr\u00e8s bient\u00f4t !<span class=\"tmls_arrow\">\n\t\t\t\t<svg version=\"1.1\" id=\"Layer_1\" xmlns=\"http:\/\/www.w3.org\/2000\/svg\" xmlns:xlink=\"http:\/\/www.w3.org\/1999\/xlink\" x=\"0px\" y=\"0px\"\n\t\t\t\t\t width=\"20px\" height=\"11px\" viewBox=\"0 0 20 11\" enable-background=\"new 0 0 20 11\" xml:space=\"preserve\">\n\t\t\t\t<polygon fill=\"#f5f5f5\" points=\"10,10.05 2,0 10.002,0 18.005,0 \"\/>\n\t\t\t\t<polyline fill=\"none\" stroke=\"#DDDDDD\" stroke-miterlimit=\"10\" points=\"20,0.5 18,0.5 10,10.05 2,0.5 0,0.5 \"\/>\n\t\t\t\t<\/svg>\n\t\t\t\t<\/span><\/div>\n\t\t\t\t\n\t\t\t\t<div class=\"tmls_image_position\">\n\t\t\t\t\t<div class=\"tmls_image large_radius\" style=\"background-image:url(https:\/\/www.nyhavana.mg\/wp-content\/uploads\/2025\/12\/ionja.png);\"><\/div>\n\t\t\t\t\n\t\t\t\t\t<div class=\"tmls_name\" style=\" color:#777777; font-size:15px; font-weight:bold;\">Ionjatiana Annie<\/div>\n\t\t\t\t\t<div class=\"tmls_position\" style=\" color:#777777; font-size:12px;\">Chauffeur-guide<\/div>\t<\/div>\n\t\t\t\t\n\n\t\t\t<\/div><\/div><\/div>\n","protected":false},"excerpt":{"rendered":"<p>&nbsp; La Compagnie Malgache d\u2019Assurances et de R\u00e9assurance NY HAVANA a \u00e9t\u00e9 cr\u00e9\u00e9e le 11 Octobre 1968 \u00e0 l\u2019initiative du Gouvernement Malgache et des repr\u00e9sentations et d\u00e9l\u00e9gations des Compagnies d\u2019Assurances&hellip;<\/p>\n","protected":false},"author":1,"featured_media":0,"parent":0,"menu_order":0,"comment_status":"closed","ping_status":"closed","template":"","meta":{"footnotes":""},"class_list":["post-25","page","type-page","status-publish","hentry"],"aioseo_notices":[],"_links":{"self":[{"href":"https:\/\/www.nyhavana.mg\/index.php?rest_route=\/wp\/v2\/pages\/25","targetHints":{"allow":["GET"]}}],"collection":[{"href":"https:\/\/www.nyhavana.mg\/index.php?rest_route=\/wp\/v2\/pages"}],"about":[{"href":"https:\/\/www.nyhavana.mg\/index.php?rest_route=\/wp\/v2\/types\/page"}],"author":[{"embeddable":true,"href":"https:\/\/www.nyhavana.mg\/index.php?rest_route=\/wp\/v2\/users\/1"}],"replies":[{"embeddable":true,"href":"https:\/\/www.nyhavana.mg\/index.php?rest_route=%2Fwp%2Fv2%2Fcomments&post=25"}],"version-history":[{"count":40,"href":"https:\/\/www.nyhavana.mg\/index.php?rest_route=\/wp\/v2\/pages\/25\/revisions"}],"predecessor-version":[{"id":451,"href":"https:\/\/www.nyhavana.mg\/index.php?rest_route=\/wp\/v2\/pages\/25\/revisions\/451"}],"wp:attachment":[{"href":"https:\/\/www.nyhavana.mg\/index.php?rest_route=%2Fwp%2Fv2%2Fmedia&parent=25"}],"curies":[{"name":"wp","href":"https:\/\/api.w.org\/{rel}","templated":true}]}}