{"id":48,"date":"2025-12-09T06:56:37","date_gmt":"2025-12-09T05:56:37","guid":{"rendered":"https:\/\/www.nyhavana.mg\/?page_id=48"},"modified":"2026-01-15T10:07:46","modified_gmt":"2026-01-15T09:07:46","slug":"mot-du-directeur-general","status":"publish","type":"page","link":"https:\/\/www.nyhavana.mg\/?page_id=48","title":{"rendered":"Mot du Directeur G\u00e9n\u00e9ral"},"content":{"rendered":"<div class=\"section-title dt-mb-6\">\n<div class=\"split-line\">\n<p><img loading=\"lazy\" decoding=\"async\" class=\"wp-image-412 alignnone\" src=\"https:\/\/www.nyhavana.mg\/wp-content\/uploads\/2026\/01\/M.-le-DG-Photo-300x300.png\" alt=\"\" width=\"254\" height=\"254\" srcset=\"https:\/\/www.nyhavana.mg\/wp-content\/uploads\/2026\/01\/M.-le-DG-Photo-300x300.png 300w, https:\/\/www.nyhavana.mg\/wp-content\/uploads\/2026\/01\/M.-le-DG-Photo-1024x1024.png 1024w, https:\/\/www.nyhavana.mg\/wp-content\/uploads\/2026\/01\/M.-le-DG-Photo-150x150.png 150w, https:\/\/www.nyhavana.mg\/wp-content\/uploads\/2026\/01\/M.-le-DG-Photo-768x768.png 768w, https:\/\/www.nyhavana.mg\/wp-content\/uploads\/2026\/01\/M.-le-DG-Photo.png 1066w\" sizes=\"auto, (max-width: 254px) 100vw, 254px\" \/><\/p>\n<p><span style=\"font-size: 14pt; color: #000000;\">\ud83d\udcac Mot du <strong>Directeur G\u00e9n\u00e9ral<\/strong><\/span><br \/>\n<span style=\"font-size: 14pt; color: #000080;\"><span style=\"font-size: 14pt;\"><span style=\"font-size: 14pt;\">Message from <strong><span style=\"font-size: 12pt;\">the General Manager<\/span><br \/>\n<\/strong><\/span><\/span><\/span><\/p>\n<hr \/>\n<\/div>\n<\/div>\n<div class=\"text\">\n<p>&nbsp;<\/p>\n<p>\ud83d\udde3 &#8221; Avec le temps, durant ces 56 ann\u00e9es d\u2019existence, NY HAVANA a pu mettre \u00e0 la disponibilit\u00e9 de ses Partenaires : Clients et prospects, R\u00e9assureurs, Entit\u00e9s financi\u00e8res, ONG et Organisme Etatique, son savoir-faire et ses exp\u00e9riences.<br \/>\n<span style=\"color: #000000;\">L\u2019ensemble du personnel a d\u00e9montr\u00e9 sa Force et la qualit\u00e9 de son service \u00e0 travers les Conseils, l\u2019Assistance et la Proactivit\u00e9. On a fait de notre M\u00e9tier une Passion pour mieux marquer notre pr\u00e9sence sur le march\u00e9 des Assurances et de la R\u00e9assurance \u00e0 Madagascar.<\/span><br \/>\n<span style=\"color: #000000;\">Une Ethique Professionnelle traduite par notre engagement effectif, nos valeurs et notre vision. NY HAVANA, une Compagnie Malagasy au service de la Nation.&#8221;<\/span><\/p>\n<p>&nbsp;<\/p>\n<p><span style=\"color: #000080;\"><em><span style=\"color: #000000;\">\ud83d\udde3 <\/span><\/em>&#8221; Over the course of its 56 years of existence, NY HAVANA has been able to offer its expertise and experience to its partners: clients and prospects, reinsurers, financial entities, NGOs, and government organizations. The entire staff has demonstrated its strength and the quality of its service through advice, assistance, and proactivity. We have turned our profession into a passion to better establish our presence in the insurance and reinsurance market in Madagascar. A professional ethic reflected in our effective commitment, our values, and our vision. NY HAVANA, a Malagasy company serving the nation.&#8221;<\/span><\/p>\n<\/div>\n","protected":false},"excerpt":{"rendered":"<p>\ud83d\udcac Mot du Directeur G\u00e9n\u00e9ral Message from the General Manager &nbsp; \ud83d\udde3 &#8221; Avec le temps, durant ces 56 ann\u00e9es d\u2019existence, NY HAVANA a pu mettre \u00e0 la disponibilit\u00e9 de&hellip;<\/p>\n","protected":false},"author":1,"featured_media":0,"parent":0,"menu_order":0,"comment_status":"closed","ping_status":"closed","template":"","meta":{"footnotes":""},"class_list":["post-48","page","type-page","status-publish","hentry"],"aioseo_notices":[],"_links":{"self":[{"href":"https:\/\/www.nyhavana.mg\/index.php?rest_route=\/wp\/v2\/pages\/48","targetHints":{"allow":["GET"]}}],"collection":[{"href":"https:\/\/www.nyhavana.mg\/index.php?rest_route=\/wp\/v2\/pages"}],"about":[{"href":"https:\/\/www.nyhavana.mg\/index.php?rest_route=\/wp\/v2\/types\/page"}],"author":[{"embeddable":true,"href":"https:\/\/www.nyhavana.mg\/index.php?rest_route=\/wp\/v2\/users\/1"}],"replies":[{"embeddable":true,"href":"https:\/\/www.nyhavana.mg\/index.php?rest_route=%2Fwp%2Fv2%2Fcomments&post=48"}],"version-history":[{"count":14,"href":"https:\/\/www.nyhavana.mg\/index.php?rest_route=\/wp\/v2\/pages\/48\/revisions"}],"predecessor-version":[{"id":416,"href":"https:\/\/www.nyhavana.mg\/index.php?rest_route=\/wp\/v2\/pages\/48\/revisions\/416"}],"wp:attachment":[{"href":"https:\/\/www.nyhavana.mg\/index.php?rest_route=%2Fwp%2Fv2%2Fmedia&parent=48"}],"curies":[{"name":"wp","href":"https:\/\/api.w.org\/{rel}","templated":true}]}}